{"id":31839,"date":"2024-03-26T10:43:13","date_gmt":"2024-03-26T10:43:13","guid":{"rendered":"https:\/\/demo.itlas.com\/?page_id=31839"},"modified":"2024-04-08T15:50:01","modified_gmt":"2024-04-08T15:50:01","slug":"bilancio-di-sostenibilita","status":"publish","type":"page","link":"https:\/\/www.itlas.com\/it\/sostenibilita\/bilancio-di-sostenibilita","title":{"rendered":"Bilancio di sostenibilit\u00e0"},"content":{"rendered":"","protected":false},"excerpt":{"rendered":"","protected":false},"author":10,"featured_media":0,"parent":0,"menu_order":0,"comment_status":"closed","ping_status":"closed","template":"page-templates\/page-bilancio-di-sostenibilita.php","meta":{"_acf_changed":false,"footnotes":""},"class_list":["post-31839","page","type-page","status-publish","hentry"],"acf":[],"yoast_head":"<!-- This site is optimized with the Yoast SEO plugin v26.6 - https:\/\/yoast.com\/wordpress\/plugins\/seo\/ -->\n<title>Bilancio di sostenibilit\u00e0 | ITLAS<\/title>\n<meta name=\"description\" content=\"Il Bilancio di Sostenibilit\u00e0 \u00e8 lo strumento di comunicazione dei risultati annuali del nostro percorso sostenibile agli stakeholder.\" \/>\n<meta name=\"robots\" content=\"index, follow, max-snippet:-1, max-image-preview:large, max-video-preview:-1\" \/>\n<link rel=\"canonical\" href=\"https:\/\/www.itlas.com\/it\/sostenibilita\/bilancio-di-sostenibilita\" \/>\n<meta property=\"og:locale\" content=\"it_IT\" \/>\n<meta property=\"og:type\" content=\"article\" \/>\n<meta property=\"og:title\" content=\"Bilancio di sostenibilit\u00e0 | ITLAS\" \/>\n<meta property=\"og:description\" content=\"Il Bilancio di Sostenibilit\u00e0 \u00e8 lo strumento di comunicazione dei risultati annuali del nostro percorso sostenibile agli stakeholder.\" \/>\n<meta property=\"og:url\" content=\"https:\/\/www.itlas.com\/it\/sostenibilita\/bilancio-di-sostenibilita\" \/>\n<meta property=\"og:site_name\" content=\"Itlas\" \/>\n<meta property=\"article:modified_time\" content=\"2024-04-08T15:50:01+00:00\" \/>\n<meta name=\"twitter:card\" content=\"summary_large_image\" \/>\n<script type=\"application\/ld+json\" class=\"yoast-schema-graph\">{\"@context\":\"https:\/\/schema.org\",\"@graph\":[{\"@type\":\"WebPage\",\"@id\":\"https:\/\/www.itlas.com\/it\/sostenibilita\/bilancio-di-sostenibilita\",\"url\":\"https:\/\/www.itlas.com\/it\/sostenibilita\/bilancio-di-sostenibilita\",\"name\":\"Bilancio di sostenibilit\u00e0 | ITLAS\",\"isPartOf\":{\"@id\":\"https:\/\/www.itlas.com\/it\/#website\"},\"datePublished\":\"2024-03-26T10:43:13+00:00\",\"dateModified\":\"2024-04-08T15:50:01+00:00\",\"description\":\"Il Bilancio di Sostenibilit\u00e0 \u00e8 lo strumento di comunicazione dei risultati annuali del nostro percorso sostenibile agli stakeholder.\",\"breadcrumb\":{\"@id\":\"https:\/\/www.itlas.com\/it\/sostenibilita\/bilancio-di-sostenibilita#breadcrumb\"},\"inLanguage\":\"it-IT\",\"potentialAction\":[{\"@type\":\"ReadAction\",\"target\":[\"https:\/\/www.itlas.com\/it\/sostenibilita\/bilancio-di-sostenibilita\"]}]},{\"@type\":\"BreadcrumbList\",\"@id\":\"https:\/\/www.itlas.com\/it\/sostenibilita\/bilancio-di-sostenibilita#breadcrumb\",\"itemListElement\":[{\"@type\":\"ListItem\",\"position\":1,\"name\":\"Home\",\"item\":\"https:\/\/www.itlas.com\/it\"},{\"@type\":\"ListItem\",\"position\":2,\"name\":\"Bilancio di sostenibilit\u00e0\"}]},{\"@type\":\"WebSite\",\"@id\":\"https:\/\/www.itlas.com\/it\/#website\",\"url\":\"https:\/\/www.itlas.com\/it\/\",\"name\":\"Itlas\",\"description\":\"\",\"potentialAction\":[{\"@type\":\"SearchAction\",\"target\":{\"@type\":\"EntryPoint\",\"urlTemplate\":\"https:\/\/www.itlas.com\/it\/?s={search_term_string}\"},\"query-input\":{\"@type\":\"PropertyValueSpecification\",\"valueRequired\":true,\"valueName\":\"search_term_string\"}}],\"inLanguage\":\"it-IT\"}]}<\/script>\n<!-- \/ Yoast SEO plugin. -->","yoast_head_json":{"title":"Bilancio di sostenibilit\u00e0 | ITLAS","description":"Il Bilancio di Sostenibilit\u00e0 \u00e8 lo strumento di comunicazione dei risultati annuali del nostro percorso sostenibile agli stakeholder.","robots":{"index":"index","follow":"follow","max-snippet":"max-snippet:-1","max-image-preview":"max-image-preview:large","max-video-preview":"max-video-preview:-1"},"canonical":"https:\/\/www.itlas.com\/it\/sostenibilita\/bilancio-di-sostenibilita","og_locale":"it_IT","og_type":"article","og_title":"Bilancio di sostenibilit\u00e0 | ITLAS","og_description":"Il Bilancio di Sostenibilit\u00e0 \u00e8 lo strumento di comunicazione dei risultati annuali del nostro percorso sostenibile agli stakeholder.","og_url":"https:\/\/www.itlas.com\/it\/sostenibilita\/bilancio-di-sostenibilita","og_site_name":"Itlas","article_modified_time":"2024-04-08T15:50:01+00:00","twitter_card":"summary_large_image","schema":{"@context":"https:\/\/schema.org","@graph":[{"@type":"WebPage","@id":"https:\/\/www.itlas.com\/it\/sostenibilita\/bilancio-di-sostenibilita","url":"https:\/\/www.itlas.com\/it\/sostenibilita\/bilancio-di-sostenibilita","name":"Bilancio di sostenibilit\u00e0 | ITLAS","isPartOf":{"@id":"https:\/\/www.itlas.com\/it\/#website"},"datePublished":"2024-03-26T10:43:13+00:00","dateModified":"2024-04-08T15:50:01+00:00","description":"Il Bilancio di Sostenibilit\u00e0 \u00e8 lo strumento di comunicazione dei risultati annuali del nostro percorso sostenibile agli stakeholder.","breadcrumb":{"@id":"https:\/\/www.itlas.com\/it\/sostenibilita\/bilancio-di-sostenibilita#breadcrumb"},"inLanguage":"it-IT","potentialAction":[{"@type":"ReadAction","target":["https:\/\/www.itlas.com\/it\/sostenibilita\/bilancio-di-sostenibilita"]}]},{"@type":"BreadcrumbList","@id":"https:\/\/www.itlas.com\/it\/sostenibilita\/bilancio-di-sostenibilita#breadcrumb","itemListElement":[{"@type":"ListItem","position":1,"name":"Home","item":"https:\/\/www.itlas.com\/it"},{"@type":"ListItem","position":2,"name":"Bilancio di sostenibilit\u00e0"}]},{"@type":"WebSite","@id":"https:\/\/www.itlas.com\/it\/#website","url":"https:\/\/www.itlas.com\/it\/","name":"Itlas","description":"","potentialAction":[{"@type":"SearchAction","target":{"@type":"EntryPoint","urlTemplate":"https:\/\/www.itlas.com\/it\/?s={search_term_string}"},"query-input":{"@type":"PropertyValueSpecification","valueRequired":true,"valueName":"search_term_string"}}],"inLanguage":"it-IT"}]}},"_links":{"self":[{"href":"https:\/\/www.itlas.com\/it\/wp-json\/wp\/v2\/pages\/31839","targetHints":{"allow":["GET"]}}],"collection":[{"href":"https:\/\/www.itlas.com\/it\/wp-json\/wp\/v2\/pages"}],"about":[{"href":"https:\/\/www.itlas.com\/it\/wp-json\/wp\/v2\/types\/page"}],"author":[{"embeddable":true,"href":"https:\/\/www.itlas.com\/it\/wp-json\/wp\/v2\/users\/10"}],"replies":[{"embeddable":true,"href":"https:\/\/www.itlas.com\/it\/wp-json\/wp\/v2\/comments?post=31839"}],"version-history":[{"count":1,"href":"https:\/\/www.itlas.com\/it\/wp-json\/wp\/v2\/pages\/31839\/revisions"}],"predecessor-version":[{"id":31840,"href":"https:\/\/www.itlas.com\/it\/wp-json\/wp\/v2\/pages\/31839\/revisions\/31840"}],"wp:attachment":[{"href":"https:\/\/www.itlas.com\/it\/wp-json\/wp\/v2\/media?parent=31839"}],"curies":[{"name":"wp","href":"https:\/\/api.w.org\/{rel}","templated":true}]}}