{"id":35142,"date":"2024-03-07T10:48:49","date_gmt":"2024-03-07T09:48:49","guid":{"rendered":"https:\/\/www2.itlas.com\/eutr\/"},"modified":"2025-03-10T14:23:48","modified_gmt":"2025-03-10T13:23:48","slug":"eutr","status":"publish","type":"page","link":"https:\/\/www.itlas.com\/fr\/certification\/eutr","title":{"rendered":"EUTR"},"content":{"rendered":"","protected":false},"excerpt":{"rendered":"","protected":false},"author":10,"featured_media":0,"parent":0,"menu_order":0,"comment_status":"closed","ping_status":"closed","template":"page-templates\/page-certificazioni-template.php","meta":{"_acf_changed":false,"footnotes":""},"class_list":["post-35142","page","type-page","status-publish","hentry"],"acf":[],"yoast_head":"<!-- This site is optimized with the Yoast SEO plugin v26.6 - https:\/\/yoast.com\/wordpress\/plugins\/seo\/ -->\n<title>Certification EUTR | ITLAS<\/title>\n<meta name=\"description\" content=\"ITLAS op\u00e8re avec un syst\u00e8me de gestion du r\u00e8glement europ\u00e9en sur le bois (EU Timber Regulation), de diligence raisonnable (DDS) certifi\u00e9 par un organisme externe accr\u00e9dit\u00e9 (CSI).\" \/>\n<meta name=\"robots\" content=\"index, follow, max-snippet:-1, max-image-preview:large, max-video-preview:-1\" \/>\n<link rel=\"canonical\" href=\"https:\/\/www.itlas.com\/fr\/certification\/eutr\" \/>\n<meta property=\"og:locale\" content=\"fr_FR\" \/>\n<meta property=\"og:type\" content=\"article\" \/>\n<meta property=\"og:title\" content=\"Certification EUTR | ITLAS\" \/>\n<meta property=\"og:description\" content=\"ITLAS op\u00e8re avec un syst\u00e8me de gestion du r\u00e8glement europ\u00e9en sur le bois (EU Timber Regulation), de diligence raisonnable (DDS) certifi\u00e9 par un organisme externe accr\u00e9dit\u00e9 (CSI).\" \/>\n<meta property=\"og:url\" content=\"https:\/\/www.itlas.com\/fr\/certification\/eutr\" \/>\n<meta property=\"og:site_name\" content=\"Itlas\" \/>\n<meta property=\"article:modified_time\" content=\"2025-03-10T13:23:48+00:00\" \/>\n<meta name=\"twitter:card\" content=\"summary_large_image\" \/>\n<script type=\"application\/ld+json\" class=\"yoast-schema-graph\">{\"@context\":\"https:\/\/schema.org\",\"@graph\":[{\"@type\":\"WebPage\",\"@id\":\"https:\/\/www.itlas.com\/fr\/certification\/eutr\",\"url\":\"https:\/\/www.itlas.com\/fr\/certification\/eutr\",\"name\":\"Certification EUTR | ITLAS\",\"isPartOf\":{\"@id\":\"https:\/\/www.itlas.com\/fr\/#website\"},\"datePublished\":\"2024-03-07T09:48:49+00:00\",\"dateModified\":\"2025-03-10T13:23:48+00:00\",\"description\":\"ITLAS op\u00e8re avec un syst\u00e8me de gestion du r\u00e8glement europ\u00e9en sur le bois (EU Timber Regulation), de diligence raisonnable (DDS) certifi\u00e9 par un organisme externe accr\u00e9dit\u00e9 (CSI).\",\"breadcrumb\":{\"@id\":\"https:\/\/www.itlas.com\/fr\/certification\/eutr#breadcrumb\"},\"inLanguage\":\"fr-FR\",\"potentialAction\":[{\"@type\":\"ReadAction\",\"target\":[\"https:\/\/www.itlas.com\/fr\/certification\/eutr\"]}]},{\"@type\":\"BreadcrumbList\",\"@id\":\"https:\/\/www.itlas.com\/fr\/certification\/eutr#breadcrumb\",\"itemListElement\":[{\"@type\":\"ListItem\",\"position\":1,\"name\":\"Home\",\"item\":\"https:\/\/www.itlas.com\/fr\"},{\"@type\":\"ListItem\",\"position\":2,\"name\":\"EUTR\"}]},{\"@type\":\"WebSite\",\"@id\":\"https:\/\/www.itlas.com\/fr\/#website\",\"url\":\"https:\/\/www.itlas.com\/fr\/\",\"name\":\"Itlas\",\"description\":\"\",\"potentialAction\":[{\"@type\":\"SearchAction\",\"target\":{\"@type\":\"EntryPoint\",\"urlTemplate\":\"https:\/\/www.itlas.com\/fr\/?s={search_term_string}\"},\"query-input\":{\"@type\":\"PropertyValueSpecification\",\"valueRequired\":true,\"valueName\":\"search_term_string\"}}],\"inLanguage\":\"fr-FR\"}]}<\/script>\n<!-- \/ Yoast SEO plugin. -->","yoast_head_json":{"title":"Certification EUTR | ITLAS","description":"ITLAS op\u00e8re avec un syst\u00e8me de gestion du r\u00e8glement europ\u00e9en sur le bois (EU Timber Regulation), de diligence raisonnable (DDS) certifi\u00e9 par un organisme externe accr\u00e9dit\u00e9 (CSI).","robots":{"index":"index","follow":"follow","max-snippet":"max-snippet:-1","max-image-preview":"max-image-preview:large","max-video-preview":"max-video-preview:-1"},"canonical":"https:\/\/www.itlas.com\/fr\/certification\/eutr","og_locale":"fr_FR","og_type":"article","og_title":"Certification EUTR | ITLAS","og_description":"ITLAS op\u00e8re avec un syst\u00e8me de gestion du r\u00e8glement europ\u00e9en sur le bois (EU Timber Regulation), de diligence raisonnable (DDS) certifi\u00e9 par un organisme externe accr\u00e9dit\u00e9 (CSI).","og_url":"https:\/\/www.itlas.com\/fr\/certification\/eutr","og_site_name":"Itlas","article_modified_time":"2025-03-10T13:23:48+00:00","twitter_card":"summary_large_image","schema":{"@context":"https:\/\/schema.org","@graph":[{"@type":"WebPage","@id":"https:\/\/www.itlas.com\/fr\/certification\/eutr","url":"https:\/\/www.itlas.com\/fr\/certification\/eutr","name":"Certification EUTR | ITLAS","isPartOf":{"@id":"https:\/\/www.itlas.com\/fr\/#website"},"datePublished":"2024-03-07T09:48:49+00:00","dateModified":"2025-03-10T13:23:48+00:00","description":"ITLAS op\u00e8re avec un syst\u00e8me de gestion du r\u00e8glement europ\u00e9en sur le bois (EU Timber Regulation), de diligence raisonnable (DDS) certifi\u00e9 par un organisme externe accr\u00e9dit\u00e9 (CSI).","breadcrumb":{"@id":"https:\/\/www.itlas.com\/fr\/certification\/eutr#breadcrumb"},"inLanguage":"fr-FR","potentialAction":[{"@type":"ReadAction","target":["https:\/\/www.itlas.com\/fr\/certification\/eutr"]}]},{"@type":"BreadcrumbList","@id":"https:\/\/www.itlas.com\/fr\/certification\/eutr#breadcrumb","itemListElement":[{"@type":"ListItem","position":1,"name":"Home","item":"https:\/\/www.itlas.com\/fr"},{"@type":"ListItem","position":2,"name":"EUTR"}]},{"@type":"WebSite","@id":"https:\/\/www.itlas.com\/fr\/#website","url":"https:\/\/www.itlas.com\/fr\/","name":"Itlas","description":"","potentialAction":[{"@type":"SearchAction","target":{"@type":"EntryPoint","urlTemplate":"https:\/\/www.itlas.com\/fr\/?s={search_term_string}"},"query-input":{"@type":"PropertyValueSpecification","valueRequired":true,"valueName":"search_term_string"}}],"inLanguage":"fr-FR"}]}},"_links":{"self":[{"href":"https:\/\/www.itlas.com\/fr\/wp-json\/wp\/v2\/pages\/35142","targetHints":{"allow":["GET"]}}],"collection":[{"href":"https:\/\/www.itlas.com\/fr\/wp-json\/wp\/v2\/pages"}],"about":[{"href":"https:\/\/www.itlas.com\/fr\/wp-json\/wp\/v2\/types\/page"}],"author":[{"embeddable":true,"href":"https:\/\/www.itlas.com\/fr\/wp-json\/wp\/v2\/users\/10"}],"replies":[{"embeddable":true,"href":"https:\/\/www.itlas.com\/fr\/wp-json\/wp\/v2\/comments?post=35142"}],"version-history":[{"count":3,"href":"https:\/\/www.itlas.com\/fr\/wp-json\/wp\/v2\/pages\/35142\/revisions"}],"predecessor-version":[{"id":37783,"href":"https:\/\/www.itlas.com\/fr\/wp-json\/wp\/v2\/pages\/35142\/revisions\/37783"}],"wp:attachment":[{"href":"https:\/\/www.itlas.com\/fr\/wp-json\/wp\/v2\/media?parent=35142"}],"curies":[{"name":"wp","href":"https:\/\/api.w.org\/{rel}","templated":true}]}}