{"id":35024,"date":"2024-03-29T10:54:48","date_gmt":"2024-03-29T10:54:48","guid":{"rendered":"https:\/\/demo.itlas.com\/societa-benefit\/"},"modified":"2024-04-08T14:58:25","modified_gmt":"2024-04-08T14:58:25","slug":"societa-benefit","status":"publish","type":"page","link":"https:\/\/www.itlas.com\/fr\/usine\/entreprise-a-mission","title":{"rendered":"Entreprise \u00e0 Mission"},"content":{"rendered":"","protected":false},"excerpt":{"rendered":"","protected":false},"author":10,"featured_media":0,"parent":0,"menu_order":0,"comment_status":"closed","ping_status":"closed","template":"page-templates\/page-societa-benefit.php","meta":{"_acf_changed":false,"footnotes":""},"class_list":["post-35024","page","type-page","status-publish","hentry"],"acf":[],"yoast_head":"<!-- This site is optimized with the Yoast SEO plugin v26.6 - https:\/\/yoast.com\/wordpress\/plugins\/seo\/ -->\n<title>Entreprise \u00e0 Mission | ITLAS<\/title>\n<meta name=\"description\" content=\"Itlas a modifi\u00e9 ses obligations d&#039;entreprise traditionnelle en r\u00e9digeant un statut de Entreprise \u00e0 Mission avec des objectifs d&#039;int\u00e9r\u00eat commun.\" \/>\n<meta name=\"robots\" content=\"index, follow, max-snippet:-1, max-image-preview:large, max-video-preview:-1\" \/>\n<link rel=\"canonical\" href=\"https:\/\/www.itlas.com\/fr\/usine\/entreprise-a-mission\" \/>\n<meta property=\"og:locale\" content=\"fr_FR\" \/>\n<meta property=\"og:type\" content=\"article\" \/>\n<meta property=\"og:title\" content=\"Entreprise \u00e0 Mission | ITLAS\" \/>\n<meta property=\"og:description\" content=\"Itlas a modifi\u00e9 ses obligations d&#039;entreprise traditionnelle en r\u00e9digeant un statut de Entreprise \u00e0 Mission avec des objectifs d&#039;int\u00e9r\u00eat commun.\" \/>\n<meta property=\"og:url\" content=\"https:\/\/www.itlas.com\/fr\/usine\/entreprise-a-mission\" \/>\n<meta property=\"og:site_name\" content=\"Itlas\" \/>\n<meta property=\"article:modified_time\" content=\"2024-04-08T14:58:25+00:00\" \/>\n<meta name=\"twitter:card\" content=\"summary_large_image\" \/>\n<script type=\"application\/ld+json\" class=\"yoast-schema-graph\">{\"@context\":\"https:\/\/schema.org\",\"@graph\":[{\"@type\":\"WebPage\",\"@id\":\"https:\/\/www.itlas.com\/fr\/usine\/entreprise-a-mission\",\"url\":\"https:\/\/www.itlas.com\/fr\/usine\/entreprise-a-mission\",\"name\":\"Entreprise \u00e0 Mission | ITLAS\",\"isPartOf\":{\"@id\":\"https:\/\/www.itlas.com\/fr\/#website\"},\"datePublished\":\"2024-03-29T10:54:48+00:00\",\"dateModified\":\"2024-04-08T14:58:25+00:00\",\"description\":\"Itlas a modifi\u00e9 ses obligations d'entreprise traditionnelle en r\u00e9digeant un statut de Entreprise \u00e0 Mission avec des objectifs d'int\u00e9r\u00eat commun.\",\"breadcrumb\":{\"@id\":\"https:\/\/www.itlas.com\/fr\/usine\/entreprise-a-mission#breadcrumb\"},\"inLanguage\":\"fr-FR\",\"potentialAction\":[{\"@type\":\"ReadAction\",\"target\":[\"https:\/\/www.itlas.com\/fr\/usine\/entreprise-a-mission\"]}]},{\"@type\":\"BreadcrumbList\",\"@id\":\"https:\/\/www.itlas.com\/fr\/usine\/entreprise-a-mission#breadcrumb\",\"itemListElement\":[{\"@type\":\"ListItem\",\"position\":1,\"name\":\"Home\",\"item\":\"https:\/\/www.itlas.com\/fr\"},{\"@type\":\"ListItem\",\"position\":2,\"name\":\"Entreprise \u00e0 Mission\"}]},{\"@type\":\"WebSite\",\"@id\":\"https:\/\/www.itlas.com\/fr\/#website\",\"url\":\"https:\/\/www.itlas.com\/fr\/\",\"name\":\"Itlas\",\"description\":\"\",\"potentialAction\":[{\"@type\":\"SearchAction\",\"target\":{\"@type\":\"EntryPoint\",\"urlTemplate\":\"https:\/\/www.itlas.com\/fr\/?s={search_term_string}\"},\"query-input\":{\"@type\":\"PropertyValueSpecification\",\"valueRequired\":true,\"valueName\":\"search_term_string\"}}],\"inLanguage\":\"fr-FR\"}]}<\/script>\n<!-- \/ Yoast SEO plugin. -->","yoast_head_json":{"title":"Entreprise \u00e0 Mission | ITLAS","description":"Itlas a modifi\u00e9 ses obligations d'entreprise traditionnelle en r\u00e9digeant un statut de Entreprise \u00e0 Mission avec des objectifs d'int\u00e9r\u00eat commun.","robots":{"index":"index","follow":"follow","max-snippet":"max-snippet:-1","max-image-preview":"max-image-preview:large","max-video-preview":"max-video-preview:-1"},"canonical":"https:\/\/www.itlas.com\/fr\/usine\/entreprise-a-mission","og_locale":"fr_FR","og_type":"article","og_title":"Entreprise \u00e0 Mission | ITLAS","og_description":"Itlas a modifi\u00e9 ses obligations d'entreprise traditionnelle en r\u00e9digeant un statut de Entreprise \u00e0 Mission avec des objectifs d'int\u00e9r\u00eat commun.","og_url":"https:\/\/www.itlas.com\/fr\/usine\/entreprise-a-mission","og_site_name":"Itlas","article_modified_time":"2024-04-08T14:58:25+00:00","twitter_card":"summary_large_image","schema":{"@context":"https:\/\/schema.org","@graph":[{"@type":"WebPage","@id":"https:\/\/www.itlas.com\/fr\/usine\/entreprise-a-mission","url":"https:\/\/www.itlas.com\/fr\/usine\/entreprise-a-mission","name":"Entreprise \u00e0 Mission | ITLAS","isPartOf":{"@id":"https:\/\/www.itlas.com\/fr\/#website"},"datePublished":"2024-03-29T10:54:48+00:00","dateModified":"2024-04-08T14:58:25+00:00","description":"Itlas a modifi\u00e9 ses obligations d'entreprise traditionnelle en r\u00e9digeant un statut de Entreprise \u00e0 Mission avec des objectifs d'int\u00e9r\u00eat commun.","breadcrumb":{"@id":"https:\/\/www.itlas.com\/fr\/usine\/entreprise-a-mission#breadcrumb"},"inLanguage":"fr-FR","potentialAction":[{"@type":"ReadAction","target":["https:\/\/www.itlas.com\/fr\/usine\/entreprise-a-mission"]}]},{"@type":"BreadcrumbList","@id":"https:\/\/www.itlas.com\/fr\/usine\/entreprise-a-mission#breadcrumb","itemListElement":[{"@type":"ListItem","position":1,"name":"Home","item":"https:\/\/www.itlas.com\/fr"},{"@type":"ListItem","position":2,"name":"Entreprise \u00e0 Mission"}]},{"@type":"WebSite","@id":"https:\/\/www.itlas.com\/fr\/#website","url":"https:\/\/www.itlas.com\/fr\/","name":"Itlas","description":"","potentialAction":[{"@type":"SearchAction","target":{"@type":"EntryPoint","urlTemplate":"https:\/\/www.itlas.com\/fr\/?s={search_term_string}"},"query-input":{"@type":"PropertyValueSpecification","valueRequired":true,"valueName":"search_term_string"}}],"inLanguage":"fr-FR"}]}},"_links":{"self":[{"href":"https:\/\/www.itlas.com\/fr\/wp-json\/wp\/v2\/pages\/35024","targetHints":{"allow":["GET"]}}],"collection":[{"href":"https:\/\/www.itlas.com\/fr\/wp-json\/wp\/v2\/pages"}],"about":[{"href":"https:\/\/www.itlas.com\/fr\/wp-json\/wp\/v2\/types\/page"}],"author":[{"embeddable":true,"href":"https:\/\/www.itlas.com\/fr\/wp-json\/wp\/v2\/users\/10"}],"replies":[{"embeddable":true,"href":"https:\/\/www.itlas.com\/fr\/wp-json\/wp\/v2\/comments?post=35024"}],"version-history":[{"count":2,"href":"https:\/\/www.itlas.com\/fr\/wp-json\/wp\/v2\/pages\/35024\/revisions"}],"predecessor-version":[{"id":35110,"href":"https:\/\/www.itlas.com\/fr\/wp-json\/wp\/v2\/pages\/35024\/revisions\/35110"}],"wp:attachment":[{"href":"https:\/\/www.itlas.com\/fr\/wp-json\/wp\/v2\/media?parent=35024"}],"curies":[{"name":"wp","href":"https:\/\/api.w.org\/{rel}","templated":true}]}}