{"id":34952,"date":"2024-03-29T13:47:10","date_gmt":"2024-03-29T13:47:10","guid":{"rendered":"https:\/\/demo.itlas.com\/?page_id=34952"},"modified":"2024-04-09T13:37:50","modified_gmt":"2024-04-09T13:37:50","slug":"parquetes-en-bois","status":"publish","type":"page","link":"https:\/\/www.itlas.com\/fr\/parquetes-en-bois","title":{"rendered":"Parquetes en bois"},"content":{"rendered":"","protected":false},"excerpt":{"rendered":"","protected":false},"author":10,"featured_media":0,"parent":0,"menu_order":0,"comment_status":"closed","ping_status":"closed","template":"page-templates\/page-pavimenti.php","meta":{"_acf_changed":false,"footnotes":""},"class_list":["post-34952","page","type-page","status-publish","hentry"],"acf":[],"yoast_head":"<!-- This site is optimized with the Yoast SEO plugin v26.6 - https:\/\/yoast.com\/wordpress\/plugins\/seo\/ -->\n<title>Parquets en bois | ITLAS<\/title>\n<meta name=\"description\" content=\"Parquets en bois ITLAS: d\u00e9couvrez les caract\u00e9ristiques et les couleurs de nos collections qui repr\u00e9sentent une v\u00e9ritable excellence made in Italy.\" \/>\n<meta name=\"robots\" content=\"index, follow, max-snippet:-1, max-image-preview:large, max-video-preview:-1\" \/>\n<link rel=\"canonical\" href=\"https:\/\/www.itlas.com\/fr\/parquetes-en-bois\" \/>\n<meta property=\"og:locale\" content=\"fr_FR\" \/>\n<meta property=\"og:type\" content=\"article\" \/>\n<meta property=\"og:title\" content=\"Parquets en bois | ITLAS\" \/>\n<meta property=\"og:description\" content=\"Parquets en bois ITLAS: d\u00e9couvrez les caract\u00e9ristiques et les couleurs de nos collections qui repr\u00e9sentent une v\u00e9ritable excellence made in Italy.\" \/>\n<meta property=\"og:url\" content=\"https:\/\/www.itlas.com\/fr\/parquetes-en-bois\" \/>\n<meta property=\"og:site_name\" content=\"Itlas\" \/>\n<meta property=\"article:modified_time\" content=\"2024-04-09T13:37:50+00:00\" \/>\n<meta name=\"twitter:card\" content=\"summary_large_image\" \/>\n<script type=\"application\/ld+json\" class=\"yoast-schema-graph\">{\"@context\":\"https:\/\/schema.org\",\"@graph\":[{\"@type\":\"WebPage\",\"@id\":\"https:\/\/www.itlas.com\/fr\/parquetes-en-bois\",\"url\":\"https:\/\/www.itlas.com\/fr\/parquetes-en-bois\",\"name\":\"Parquets en bois | ITLAS\",\"isPartOf\":{\"@id\":\"https:\/\/www.itlas.com\/fr\/#website\"},\"datePublished\":\"2024-03-29T13:47:10+00:00\",\"dateModified\":\"2024-04-09T13:37:50+00:00\",\"description\":\"Parquets en bois ITLAS: d\u00e9couvrez les caract\u00e9ristiques et les couleurs de nos collections qui repr\u00e9sentent une v\u00e9ritable excellence made in Italy.\",\"breadcrumb\":{\"@id\":\"https:\/\/www.itlas.com\/fr\/parquetes-en-bois#breadcrumb\"},\"inLanguage\":\"fr-FR\",\"potentialAction\":[{\"@type\":\"ReadAction\",\"target\":[\"https:\/\/www.itlas.com\/fr\/parquetes-en-bois\"]}]},{\"@type\":\"BreadcrumbList\",\"@id\":\"https:\/\/www.itlas.com\/fr\/parquetes-en-bois#breadcrumb\",\"itemListElement\":[{\"@type\":\"ListItem\",\"position\":1,\"name\":\"Home\",\"item\":\"https:\/\/www.itlas.com\/fr\"},{\"@type\":\"ListItem\",\"position\":2,\"name\":\"Parquetes en bois\"}]},{\"@type\":\"WebSite\",\"@id\":\"https:\/\/www.itlas.com\/fr\/#website\",\"url\":\"https:\/\/www.itlas.com\/fr\/\",\"name\":\"Itlas\",\"description\":\"\",\"potentialAction\":[{\"@type\":\"SearchAction\",\"target\":{\"@type\":\"EntryPoint\",\"urlTemplate\":\"https:\/\/www.itlas.com\/fr\/?s={search_term_string}\"},\"query-input\":{\"@type\":\"PropertyValueSpecification\",\"valueRequired\":true,\"valueName\":\"search_term_string\"}}],\"inLanguage\":\"fr-FR\"}]}<\/script>\n<!-- \/ Yoast SEO plugin. -->","yoast_head_json":{"title":"Parquets en bois | ITLAS","description":"Parquets en bois ITLAS: d\u00e9couvrez les caract\u00e9ristiques et les couleurs de nos collections qui repr\u00e9sentent une v\u00e9ritable excellence made in Italy.","robots":{"index":"index","follow":"follow","max-snippet":"max-snippet:-1","max-image-preview":"max-image-preview:large","max-video-preview":"max-video-preview:-1"},"canonical":"https:\/\/www.itlas.com\/fr\/parquetes-en-bois","og_locale":"fr_FR","og_type":"article","og_title":"Parquets en bois | ITLAS","og_description":"Parquets en bois ITLAS: d\u00e9couvrez les caract\u00e9ristiques et les couleurs de nos collections qui repr\u00e9sentent une v\u00e9ritable excellence made in Italy.","og_url":"https:\/\/www.itlas.com\/fr\/parquetes-en-bois","og_site_name":"Itlas","article_modified_time":"2024-04-09T13:37:50+00:00","twitter_card":"summary_large_image","schema":{"@context":"https:\/\/schema.org","@graph":[{"@type":"WebPage","@id":"https:\/\/www.itlas.com\/fr\/parquetes-en-bois","url":"https:\/\/www.itlas.com\/fr\/parquetes-en-bois","name":"Parquets en bois | ITLAS","isPartOf":{"@id":"https:\/\/www.itlas.com\/fr\/#website"},"datePublished":"2024-03-29T13:47:10+00:00","dateModified":"2024-04-09T13:37:50+00:00","description":"Parquets en bois ITLAS: d\u00e9couvrez les caract\u00e9ristiques et les couleurs de nos collections qui repr\u00e9sentent une v\u00e9ritable excellence made in Italy.","breadcrumb":{"@id":"https:\/\/www.itlas.com\/fr\/parquetes-en-bois#breadcrumb"},"inLanguage":"fr-FR","potentialAction":[{"@type":"ReadAction","target":["https:\/\/www.itlas.com\/fr\/parquetes-en-bois"]}]},{"@type":"BreadcrumbList","@id":"https:\/\/www.itlas.com\/fr\/parquetes-en-bois#breadcrumb","itemListElement":[{"@type":"ListItem","position":1,"name":"Home","item":"https:\/\/www.itlas.com\/fr"},{"@type":"ListItem","position":2,"name":"Parquetes en bois"}]},{"@type":"WebSite","@id":"https:\/\/www.itlas.com\/fr\/#website","url":"https:\/\/www.itlas.com\/fr\/","name":"Itlas","description":"","potentialAction":[{"@type":"SearchAction","target":{"@type":"EntryPoint","urlTemplate":"https:\/\/www.itlas.com\/fr\/?s={search_term_string}"},"query-input":{"@type":"PropertyValueSpecification","valueRequired":true,"valueName":"search_term_string"}}],"inLanguage":"fr-FR"}]}},"_links":{"self":[{"href":"https:\/\/www.itlas.com\/fr\/wp-json\/wp\/v2\/pages\/34952","targetHints":{"allow":["GET"]}}],"collection":[{"href":"https:\/\/www.itlas.com\/fr\/wp-json\/wp\/v2\/pages"}],"about":[{"href":"https:\/\/www.itlas.com\/fr\/wp-json\/wp\/v2\/types\/page"}],"author":[{"embeddable":true,"href":"https:\/\/www.itlas.com\/fr\/wp-json\/wp\/v2\/users\/10"}],"replies":[{"embeddable":true,"href":"https:\/\/www.itlas.com\/fr\/wp-json\/wp\/v2\/comments?post=34952"}],"version-history":[{"count":1,"href":"https:\/\/www.itlas.com\/fr\/wp-json\/wp\/v2\/pages\/34952\/revisions"}],"predecessor-version":[{"id":34953,"href":"https:\/\/www.itlas.com\/fr\/wp-json\/wp\/v2\/pages\/34952\/revisions\/34953"}],"wp:attachment":[{"href":"https:\/\/www.itlas.com\/fr\/wp-json\/wp\/v2\/media?parent=34952"}],"curies":[{"name":"wp","href":"https:\/\/api.w.org\/{rel}","templated":true}]}}