{"id":34063,"date":"2024-02-21T14:49:14","date_gmt":"2024-02-21T14:49:14","guid":{"rendered":"https:\/\/demo.itlas.com\/fiere-ed-eventi\/"},"modified":"2024-04-09T08:15:33","modified_gmt":"2024-04-09T08:15:33","slug":"fiere-ed-eventi","status":"publish","type":"page","link":"https:\/\/www.itlas.com\/fr\/foires-et-evenements","title":{"rendered":"Foires et \u00e9v\u00e9nements"},"content":{"rendered":"","protected":false},"excerpt":{"rendered":"","protected":false},"author":10,"featured_media":0,"parent":0,"menu_order":0,"comment_status":"closed","ping_status":"open","template":"page-templates\/page-fiere-eventi.php","meta":{"_acf_changed":false,"footnotes":""},"class_list":["post-34063","page","type-page","status-publish","hentry"],"acf":[],"yoast_head":"<!-- This site is optimized with the Yoast SEO plugin v26.6 - https:\/\/yoast.com\/wordpress\/plugins\/seo\/ -->\n<title>Foires et \u00e9v\u00e9nements | ITLAS<\/title>\n<meta name=\"description\" content=\"Restez inform\u00e9 de la participation d&#039;Itlas aux foires et \u00e9v\u00e9nements dans le monde du parquet, des rev\u00eatements de sol en bois et de l&#039;ameublement.\" \/>\n<meta name=\"robots\" content=\"index, follow, max-snippet:-1, max-image-preview:large, max-video-preview:-1\" \/>\n<link rel=\"canonical\" href=\"https:\/\/www.itlas.com\/fr\/foires-et-evenements\" \/>\n<meta property=\"og:locale\" content=\"fr_FR\" \/>\n<meta property=\"og:type\" content=\"article\" \/>\n<meta property=\"og:title\" content=\"Foires et \u00e9v\u00e9nements | ITLAS\" \/>\n<meta property=\"og:description\" content=\"Restez inform\u00e9 de la participation d&#039;Itlas aux foires et \u00e9v\u00e9nements dans le monde du parquet, des rev\u00eatements de sol en bois et de l&#039;ameublement.\" \/>\n<meta property=\"og:url\" content=\"https:\/\/www.itlas.com\/fr\/foires-et-evenements\" \/>\n<meta property=\"og:site_name\" content=\"Itlas\" \/>\n<meta property=\"article:modified_time\" content=\"2024-04-09T08:15:33+00:00\" \/>\n<meta name=\"twitter:card\" content=\"summary_large_image\" \/>\n<script type=\"application\/ld+json\" class=\"yoast-schema-graph\">{\"@context\":\"https:\/\/schema.org\",\"@graph\":[{\"@type\":\"WebPage\",\"@id\":\"https:\/\/www.itlas.com\/fr\/foires-et-evenements\",\"url\":\"https:\/\/www.itlas.com\/fr\/foires-et-evenements\",\"name\":\"Foires et \u00e9v\u00e9nements | ITLAS\",\"isPartOf\":{\"@id\":\"https:\/\/www.itlas.com\/fr\/#website\"},\"datePublished\":\"2024-02-21T14:49:14+00:00\",\"dateModified\":\"2024-04-09T08:15:33+00:00\",\"description\":\"Restez inform\u00e9 de la participation d'Itlas aux foires et \u00e9v\u00e9nements dans le monde du parquet, des rev\u00eatements de sol en bois et de l'ameublement.\",\"breadcrumb\":{\"@id\":\"https:\/\/www.itlas.com\/fr\/foires-et-evenements#breadcrumb\"},\"inLanguage\":\"fr-FR\",\"potentialAction\":[{\"@type\":\"ReadAction\",\"target\":[\"https:\/\/www.itlas.com\/fr\/foires-et-evenements\"]}]},{\"@type\":\"BreadcrumbList\",\"@id\":\"https:\/\/www.itlas.com\/fr\/foires-et-evenements#breadcrumb\",\"itemListElement\":[{\"@type\":\"ListItem\",\"position\":1,\"name\":\"Home\",\"item\":\"https:\/\/www.itlas.com\/fr\"},{\"@type\":\"ListItem\",\"position\":2,\"name\":\"Foires et \u00e9v\u00e9nements\"}]},{\"@type\":\"WebSite\",\"@id\":\"https:\/\/www.itlas.com\/fr\/#website\",\"url\":\"https:\/\/www.itlas.com\/fr\/\",\"name\":\"Itlas\",\"description\":\"\",\"potentialAction\":[{\"@type\":\"SearchAction\",\"target\":{\"@type\":\"EntryPoint\",\"urlTemplate\":\"https:\/\/www.itlas.com\/fr\/?s={search_term_string}\"},\"query-input\":{\"@type\":\"PropertyValueSpecification\",\"valueRequired\":true,\"valueName\":\"search_term_string\"}}],\"inLanguage\":\"fr-FR\"}]}<\/script>\n<!-- \/ Yoast SEO plugin. -->","yoast_head_json":{"title":"Foires et \u00e9v\u00e9nements | ITLAS","description":"Restez inform\u00e9 de la participation d'Itlas aux foires et \u00e9v\u00e9nements dans le monde du parquet, des rev\u00eatements de sol en bois et de l'ameublement.","robots":{"index":"index","follow":"follow","max-snippet":"max-snippet:-1","max-image-preview":"max-image-preview:large","max-video-preview":"max-video-preview:-1"},"canonical":"https:\/\/www.itlas.com\/fr\/foires-et-evenements","og_locale":"fr_FR","og_type":"article","og_title":"Foires et \u00e9v\u00e9nements | ITLAS","og_description":"Restez inform\u00e9 de la participation d'Itlas aux foires et \u00e9v\u00e9nements dans le monde du parquet, des rev\u00eatements de sol en bois et de l'ameublement.","og_url":"https:\/\/www.itlas.com\/fr\/foires-et-evenements","og_site_name":"Itlas","article_modified_time":"2024-04-09T08:15:33+00:00","twitter_card":"summary_large_image","schema":{"@context":"https:\/\/schema.org","@graph":[{"@type":"WebPage","@id":"https:\/\/www.itlas.com\/fr\/foires-et-evenements","url":"https:\/\/www.itlas.com\/fr\/foires-et-evenements","name":"Foires et \u00e9v\u00e9nements | ITLAS","isPartOf":{"@id":"https:\/\/www.itlas.com\/fr\/#website"},"datePublished":"2024-02-21T14:49:14+00:00","dateModified":"2024-04-09T08:15:33+00:00","description":"Restez inform\u00e9 de la participation d'Itlas aux foires et \u00e9v\u00e9nements dans le monde du parquet, des rev\u00eatements de sol en bois et de l'ameublement.","breadcrumb":{"@id":"https:\/\/www.itlas.com\/fr\/foires-et-evenements#breadcrumb"},"inLanguage":"fr-FR","potentialAction":[{"@type":"ReadAction","target":["https:\/\/www.itlas.com\/fr\/foires-et-evenements"]}]},{"@type":"BreadcrumbList","@id":"https:\/\/www.itlas.com\/fr\/foires-et-evenements#breadcrumb","itemListElement":[{"@type":"ListItem","position":1,"name":"Home","item":"https:\/\/www.itlas.com\/fr"},{"@type":"ListItem","position":2,"name":"Foires et \u00e9v\u00e9nements"}]},{"@type":"WebSite","@id":"https:\/\/www.itlas.com\/fr\/#website","url":"https:\/\/www.itlas.com\/fr\/","name":"Itlas","description":"","potentialAction":[{"@type":"SearchAction","target":{"@type":"EntryPoint","urlTemplate":"https:\/\/www.itlas.com\/fr\/?s={search_term_string}"},"query-input":{"@type":"PropertyValueSpecification","valueRequired":true,"valueName":"search_term_string"}}],"inLanguage":"fr-FR"}]}},"_links":{"self":[{"href":"https:\/\/www.itlas.com\/fr\/wp-json\/wp\/v2\/pages\/34063","targetHints":{"allow":["GET"]}}],"collection":[{"href":"https:\/\/www.itlas.com\/fr\/wp-json\/wp\/v2\/pages"}],"about":[{"href":"https:\/\/www.itlas.com\/fr\/wp-json\/wp\/v2\/types\/page"}],"author":[{"embeddable":true,"href":"https:\/\/www.itlas.com\/fr\/wp-json\/wp\/v2\/users\/10"}],"replies":[{"embeddable":true,"href":"https:\/\/www.itlas.com\/fr\/wp-json\/wp\/v2\/comments?post=34063"}],"version-history":[{"count":1,"href":"https:\/\/www.itlas.com\/fr\/wp-json\/wp\/v2\/pages\/34063\/revisions"}],"predecessor-version":[{"id":35198,"href":"https:\/\/www.itlas.com\/fr\/wp-json\/wp\/v2\/pages\/34063\/revisions\/35198"}],"wp:attachment":[{"href":"https:\/\/www.itlas.com\/fr\/wp-json\/wp\/v2\/media?parent=34063"}],"curies":[{"name":"wp","href":"https:\/\/api.w.org\/{rel}","templated":true}]}}