{"id":34935,"date":"2024-03-19T14:47:06","date_gmt":"2024-03-19T14:47:06","guid":{"rendered":"https:\/\/demo.itlas.com\/?page_id=34935"},"modified":"2024-04-08T15:05:51","modified_gmt":"2024-04-08T15:05:51","slug":"filosofia","status":"publish","type":"page","link":"https:\/\/www.itlas.com\/es\/empresa\/filosofia","title":{"rendered":"Filosof\u00eda"},"content":{"rendered":"","protected":false},"excerpt":{"rendered":"","protected":false},"author":10,"featured_media":0,"parent":0,"menu_order":0,"comment_status":"closed","ping_status":"closed","template":"page-templates\/page-filosofia.php","meta":{"_acf_changed":false,"footnotes":""},"class_list":["post-34935","page","type-page","status-publish","hentry"],"acf":[],"yoast_head":"<!-- This site is optimized with the Yoast SEO plugin v26.6 - https:\/\/yoast.com\/wordpress\/plugins\/seo\/ -->\n<title>Filosof\u00eda: nuestro proyecto, un estilo de vida | ITLAS<\/title>\n<meta name=\"description\" content=\"La filosof\u00eda de los suelos de madera Itlas surge de un proyecto ecocompatible certificado de total garant\u00eda para s\u00ed mismo y para el consumidor final.\" \/>\n<meta name=\"robots\" content=\"index, follow, max-snippet:-1, max-image-preview:large, max-video-preview:-1\" \/>\n<link rel=\"canonical\" href=\"https:\/\/www.itlas.com\/es\/empresa\/filosofia\" \/>\n<meta property=\"og:locale\" content=\"es_ES\" \/>\n<meta property=\"og:type\" content=\"article\" \/>\n<meta property=\"og:title\" content=\"Filosof\u00eda: nuestro proyecto, un estilo de vida | ITLAS\" \/>\n<meta property=\"og:description\" content=\"La filosof\u00eda de los suelos de madera Itlas surge de un proyecto ecocompatible certificado de total garant\u00eda para s\u00ed mismo y para el consumidor final.\" \/>\n<meta property=\"og:url\" content=\"https:\/\/www.itlas.com\/es\/empresa\/filosofia\" \/>\n<meta property=\"og:site_name\" content=\"Itlas\" \/>\n<meta property=\"article:modified_time\" content=\"2024-04-08T15:05:51+00:00\" \/>\n<meta name=\"twitter:card\" content=\"summary_large_image\" \/>\n<script type=\"application\/ld+json\" class=\"yoast-schema-graph\">{\"@context\":\"https:\/\/schema.org\",\"@graph\":[{\"@type\":\"WebPage\",\"@id\":\"https:\/\/www.itlas.com\/es\/empresa\/filosofia\",\"url\":\"https:\/\/www.itlas.com\/es\/empresa\/filosofia\",\"name\":\"Filosof\u00eda: nuestro proyecto, un estilo de vida | ITLAS\",\"isPartOf\":{\"@id\":\"https:\/\/www.itlas.com\/es\/#website\"},\"datePublished\":\"2024-03-19T14:47:06+00:00\",\"dateModified\":\"2024-04-08T15:05:51+00:00\",\"description\":\"La filosof\u00eda de los suelos de madera Itlas surge de un proyecto ecocompatible certificado de total garant\u00eda para s\u00ed mismo y para el consumidor final.\",\"breadcrumb\":{\"@id\":\"https:\/\/www.itlas.com\/es\/empresa\/filosofia#breadcrumb\"},\"inLanguage\":\"es\",\"potentialAction\":[{\"@type\":\"ReadAction\",\"target\":[\"https:\/\/www.itlas.com\/es\/empresa\/filosofia\"]}]},{\"@type\":\"BreadcrumbList\",\"@id\":\"https:\/\/www.itlas.com\/es\/empresa\/filosofia#breadcrumb\",\"itemListElement\":[{\"@type\":\"ListItem\",\"position\":1,\"name\":\"Home\",\"item\":\"https:\/\/www.itlas.com\/es\"},{\"@type\":\"ListItem\",\"position\":2,\"name\":\"Filosof\u00eda\"}]},{\"@type\":\"WebSite\",\"@id\":\"https:\/\/www.itlas.com\/es\/#website\",\"url\":\"https:\/\/www.itlas.com\/es\/\",\"name\":\"Itlas\",\"description\":\"\",\"potentialAction\":[{\"@type\":\"SearchAction\",\"target\":{\"@type\":\"EntryPoint\",\"urlTemplate\":\"https:\/\/www.itlas.com\/es\/?s={search_term_string}\"},\"query-input\":{\"@type\":\"PropertyValueSpecification\",\"valueRequired\":true,\"valueName\":\"search_term_string\"}}],\"inLanguage\":\"es\"}]}<\/script>\n<!-- \/ Yoast SEO plugin. -->","yoast_head_json":{"title":"Filosof\u00eda: nuestro proyecto, un estilo de vida | ITLAS","description":"La filosof\u00eda de los suelos de madera Itlas surge de un proyecto ecocompatible certificado de total garant\u00eda para s\u00ed mismo y para el consumidor final.","robots":{"index":"index","follow":"follow","max-snippet":"max-snippet:-1","max-image-preview":"max-image-preview:large","max-video-preview":"max-video-preview:-1"},"canonical":"https:\/\/www.itlas.com\/es\/empresa\/filosofia","og_locale":"es_ES","og_type":"article","og_title":"Filosof\u00eda: nuestro proyecto, un estilo de vida | ITLAS","og_description":"La filosof\u00eda de los suelos de madera Itlas surge de un proyecto ecocompatible certificado de total garant\u00eda para s\u00ed mismo y para el consumidor final.","og_url":"https:\/\/www.itlas.com\/es\/empresa\/filosofia","og_site_name":"Itlas","article_modified_time":"2024-04-08T15:05:51+00:00","twitter_card":"summary_large_image","schema":{"@context":"https:\/\/schema.org","@graph":[{"@type":"WebPage","@id":"https:\/\/www.itlas.com\/es\/empresa\/filosofia","url":"https:\/\/www.itlas.com\/es\/empresa\/filosofia","name":"Filosof\u00eda: nuestro proyecto, un estilo de vida | ITLAS","isPartOf":{"@id":"https:\/\/www.itlas.com\/es\/#website"},"datePublished":"2024-03-19T14:47:06+00:00","dateModified":"2024-04-08T15:05:51+00:00","description":"La filosof\u00eda de los suelos de madera Itlas surge de un proyecto ecocompatible certificado de total garant\u00eda para s\u00ed mismo y para el consumidor final.","breadcrumb":{"@id":"https:\/\/www.itlas.com\/es\/empresa\/filosofia#breadcrumb"},"inLanguage":"es","potentialAction":[{"@type":"ReadAction","target":["https:\/\/www.itlas.com\/es\/empresa\/filosofia"]}]},{"@type":"BreadcrumbList","@id":"https:\/\/www.itlas.com\/es\/empresa\/filosofia#breadcrumb","itemListElement":[{"@type":"ListItem","position":1,"name":"Home","item":"https:\/\/www.itlas.com\/es"},{"@type":"ListItem","position":2,"name":"Filosof\u00eda"}]},{"@type":"WebSite","@id":"https:\/\/www.itlas.com\/es\/#website","url":"https:\/\/www.itlas.com\/es\/","name":"Itlas","description":"","potentialAction":[{"@type":"SearchAction","target":{"@type":"EntryPoint","urlTemplate":"https:\/\/www.itlas.com\/es\/?s={search_term_string}"},"query-input":{"@type":"PropertyValueSpecification","valueRequired":true,"valueName":"search_term_string"}}],"inLanguage":"es"}]}},"_links":{"self":[{"href":"https:\/\/www.itlas.com\/es\/wp-json\/wp\/v2\/pages\/34935","targetHints":{"allow":["GET"]}}],"collection":[{"href":"https:\/\/www.itlas.com\/es\/wp-json\/wp\/v2\/pages"}],"about":[{"href":"https:\/\/www.itlas.com\/es\/wp-json\/wp\/v2\/types\/page"}],"author":[{"embeddable":true,"href":"https:\/\/www.itlas.com\/es\/wp-json\/wp\/v2\/users\/10"}],"replies":[{"embeddable":true,"href":"https:\/\/www.itlas.com\/es\/wp-json\/wp\/v2\/comments?post=34935"}],"version-history":[{"count":1,"href":"https:\/\/www.itlas.com\/es\/wp-json\/wp\/v2\/pages\/34935\/revisions"}],"predecessor-version":[{"id":34936,"href":"https:\/\/www.itlas.com\/es\/wp-json\/wp\/v2\/pages\/34935\/revisions\/34936"}],"wp:attachment":[{"href":"https:\/\/www.itlas.com\/es\/wp-json\/wp\/v2\/media?parent=34935"}],"curies":[{"name":"wp","href":"https:\/\/api.w.org\/{rel}","templated":true}]}}