{"id":34855,"date":"2024-03-25T14:53:15","date_gmt":"2024-03-25T14:53:15","guid":{"rendered":"https:\/\/demo.itlas.com\/?page_id=34855"},"modified":"2024-04-09T07:29:07","modified_gmt":"2024-04-09T07:29:07","slug":"fourline","status":"publish","type":"page","link":"https:\/\/www.itlas.com\/es\/fourline","title":{"rendered":"Fourline"},"content":{"rendered":"","protected":false},"excerpt":{"rendered":"","protected":false},"author":10,"featured_media":0,"parent":0,"menu_order":0,"comment_status":"closed","ping_status":"closed","template":"page-templates\/page-fourline.php","meta":{"_acf_changed":false,"footnotes":""},"class_list":["post-34855","page","type-page","status-publish","hentry"],"acf":[],"yoast_head":"<!-- This site is optimized with the Yoast SEO plugin v26.6 - https:\/\/yoast.com\/wordpress\/plugins\/seo\/ -->\n<title>Fourline | ITLAS<\/title>\n<meta name=\"description\" content=\"Revestimiento de lamas de roble con dise\u00f1os de Archea Associati creados combinando 2 m\u00f3dulos b\u00e1sicos declinados en 12 tramas diferentes.\" \/>\n<meta name=\"robots\" content=\"index, follow, max-snippet:-1, max-image-preview:large, max-video-preview:-1\" \/>\n<link rel=\"canonical\" href=\"https:\/\/www.itlas.com\/es\/fourline\" \/>\n<meta property=\"og:locale\" content=\"es_ES\" \/>\n<meta property=\"og:type\" content=\"article\" \/>\n<meta property=\"og:title\" content=\"Fourline | ITLAS\" \/>\n<meta property=\"og:description\" content=\"Revestimiento de lamas de roble con dise\u00f1os de Archea Associati creados combinando 2 m\u00f3dulos b\u00e1sicos declinados en 12 tramas diferentes.\" \/>\n<meta property=\"og:url\" content=\"https:\/\/www.itlas.com\/es\/fourline\" \/>\n<meta property=\"og:site_name\" content=\"Itlas\" \/>\n<meta property=\"article:modified_time\" content=\"2024-04-09T07:29:07+00:00\" \/>\n<meta name=\"twitter:card\" content=\"summary_large_image\" \/>\n<script type=\"application\/ld+json\" class=\"yoast-schema-graph\">{\"@context\":\"https:\/\/schema.org\",\"@graph\":[{\"@type\":\"WebPage\",\"@id\":\"https:\/\/www.itlas.com\/es\/fourline\",\"url\":\"https:\/\/www.itlas.com\/es\/fourline\",\"name\":\"Fourline | ITLAS\",\"isPartOf\":{\"@id\":\"https:\/\/www.itlas.com\/es\/#website\"},\"datePublished\":\"2024-03-25T14:53:15+00:00\",\"dateModified\":\"2024-04-09T07:29:07+00:00\",\"description\":\"Revestimiento de lamas de roble con dise\u00f1os de Archea Associati creados combinando 2 m\u00f3dulos b\u00e1sicos declinados en 12 tramas diferentes.\",\"breadcrumb\":{\"@id\":\"https:\/\/www.itlas.com\/es\/fourline#breadcrumb\"},\"inLanguage\":\"es\",\"potentialAction\":[{\"@type\":\"ReadAction\",\"target\":[\"https:\/\/www.itlas.com\/es\/fourline\"]}]},{\"@type\":\"BreadcrumbList\",\"@id\":\"https:\/\/www.itlas.com\/es\/fourline#breadcrumb\",\"itemListElement\":[{\"@type\":\"ListItem\",\"position\":1,\"name\":\"Home\",\"item\":\"https:\/\/www.itlas.com\/es\"},{\"@type\":\"ListItem\",\"position\":2,\"name\":\"Fourline\"}]},{\"@type\":\"WebSite\",\"@id\":\"https:\/\/www.itlas.com\/es\/#website\",\"url\":\"https:\/\/www.itlas.com\/es\/\",\"name\":\"Itlas\",\"description\":\"\",\"potentialAction\":[{\"@type\":\"SearchAction\",\"target\":{\"@type\":\"EntryPoint\",\"urlTemplate\":\"https:\/\/www.itlas.com\/es\/?s={search_term_string}\"},\"query-input\":{\"@type\":\"PropertyValueSpecification\",\"valueRequired\":true,\"valueName\":\"search_term_string\"}}],\"inLanguage\":\"es\"}]}<\/script>\n<!-- \/ Yoast SEO plugin. -->","yoast_head_json":{"title":"Fourline | ITLAS","description":"Revestimiento de lamas de roble con dise\u00f1os de Archea Associati creados combinando 2 m\u00f3dulos b\u00e1sicos declinados en 12 tramas diferentes.","robots":{"index":"index","follow":"follow","max-snippet":"max-snippet:-1","max-image-preview":"max-image-preview:large","max-video-preview":"max-video-preview:-1"},"canonical":"https:\/\/www.itlas.com\/es\/fourline","og_locale":"es_ES","og_type":"article","og_title":"Fourline | ITLAS","og_description":"Revestimiento de lamas de roble con dise\u00f1os de Archea Associati creados combinando 2 m\u00f3dulos b\u00e1sicos declinados en 12 tramas diferentes.","og_url":"https:\/\/www.itlas.com\/es\/fourline","og_site_name":"Itlas","article_modified_time":"2024-04-09T07:29:07+00:00","twitter_card":"summary_large_image","schema":{"@context":"https:\/\/schema.org","@graph":[{"@type":"WebPage","@id":"https:\/\/www.itlas.com\/es\/fourline","url":"https:\/\/www.itlas.com\/es\/fourline","name":"Fourline | ITLAS","isPartOf":{"@id":"https:\/\/www.itlas.com\/es\/#website"},"datePublished":"2024-03-25T14:53:15+00:00","dateModified":"2024-04-09T07:29:07+00:00","description":"Revestimiento de lamas de roble con dise\u00f1os de Archea Associati creados combinando 2 m\u00f3dulos b\u00e1sicos declinados en 12 tramas diferentes.","breadcrumb":{"@id":"https:\/\/www.itlas.com\/es\/fourline#breadcrumb"},"inLanguage":"es","potentialAction":[{"@type":"ReadAction","target":["https:\/\/www.itlas.com\/es\/fourline"]}]},{"@type":"BreadcrumbList","@id":"https:\/\/www.itlas.com\/es\/fourline#breadcrumb","itemListElement":[{"@type":"ListItem","position":1,"name":"Home","item":"https:\/\/www.itlas.com\/es"},{"@type":"ListItem","position":2,"name":"Fourline"}]},{"@type":"WebSite","@id":"https:\/\/www.itlas.com\/es\/#website","url":"https:\/\/www.itlas.com\/es\/","name":"Itlas","description":"","potentialAction":[{"@type":"SearchAction","target":{"@type":"EntryPoint","urlTemplate":"https:\/\/www.itlas.com\/es\/?s={search_term_string}"},"query-input":{"@type":"PropertyValueSpecification","valueRequired":true,"valueName":"search_term_string"}}],"inLanguage":"es"}]}},"_links":{"self":[{"href":"https:\/\/www.itlas.com\/es\/wp-json\/wp\/v2\/pages\/34855","targetHints":{"allow":["GET"]}}],"collection":[{"href":"https:\/\/www.itlas.com\/es\/wp-json\/wp\/v2\/pages"}],"about":[{"href":"https:\/\/www.itlas.com\/es\/wp-json\/wp\/v2\/types\/page"}],"author":[{"embeddable":true,"href":"https:\/\/www.itlas.com\/es\/wp-json\/wp\/v2\/users\/10"}],"replies":[{"embeddable":true,"href":"https:\/\/www.itlas.com\/es\/wp-json\/wp\/v2\/comments?post=34855"}],"version-history":[{"count":1,"href":"https:\/\/www.itlas.com\/es\/wp-json\/wp\/v2\/pages\/34855\/revisions"}],"predecessor-version":[{"id":34856,"href":"https:\/\/www.itlas.com\/es\/wp-json\/wp\/v2\/pages\/34855\/revisions\/34856"}],"wp:attachment":[{"href":"https:\/\/www.itlas.com\/es\/wp-json\/wp\/v2\/media?parent=34855"}],"curies":[{"name":"wp","href":"https:\/\/api.w.org\/{rel}","templated":true}]}}